{"id":681,"date":"2016-02-06T14:25:48","date_gmt":"2016-02-06T14:25:48","guid":{"rendered":"http:\/\/www.fotosulg.com\/?page_id=681"},"modified":"2019-10-10T09:24:04","modified_gmt":"2019-10-10T09:24:04","slug":"urituste-galeriid","status":"publish","type":"page","link":"https:\/\/www.fotosulg.com\/?page_id=681","title":{"rendered":"\u00fcrituste galeriid"},"content":{"rendered":"<p>&nbsp;<\/p>\n<p><strong>Kui on soov m\u00f5nda konkreetset fotot saada suureformaadilisena (k\u00f5rge resolutsiooniga), v\u00f5tke <a href=\"http:\/\/www.fotosulg.com\/?page_id=102\">minuga \u00fchendust<\/a>.<\/strong><\/p>\n<p>Galeriides suuremale fotole kl\u00f5psates avaneb veel suurem pilt, mida saab endale arvutisse salvestada.<\/p>\n<p><a href=\"http:\/\/www.fotosulg.com\/kooliteater2012\" target=\"_blank\" rel=\"noopener\">Kooliteatrite riigifestival, Tallinn 2012<\/a><\/p>\n<p><a href=\"http:\/\/www.fotosulg.com\/kooliteater2014\" target=\"_blank\" rel=\"noopener\">Kooliteatrite riigifestival, Viimsi 2014<\/a><\/p>\n<p><a href=\"http:\/\/www.fotosulg.com\/muuga2015\" target=\"_blank\" rel=\"noopener\">Kooliteatrite kirjanduslik teatrieksperiment, Muuga 2015<\/a><\/p>\n<p><a href=\"http:\/\/www.fotosulg.com\/baltiramp\" target=\"_blank\" rel=\"noopener\">Rahvusvaheline harrastusteatrite festival BALTIRAMP, Kuressaare 2015<\/a><\/p>\n<p><a href=\"http:\/\/www.fotosulg.com\/paide2016\" target=\"_blank\" rel=\"noopener\"> Harrastusteatrite riigifestival, Paide 2016<\/a><\/p>\n<p><a href=\"http:\/\/www.fotosulg.com\/viimsi2017\">Harjumaa kooliteatrite festival, Viimsi 2017<\/a><\/p>\n<p><a href=\"http:\/\/www.fotosulg.com\/riigifestival2017\/\">Kooliteatrite riigifestival, Tallinn 2017<\/a><\/p>\n<p><a href=\"http:\/\/www.fotosulg.com\/tartu2018\/\">Kooliteatrite riigifestival, Tartu 2018<\/a><\/p>\n<p><a href=\"http:\/\/fotosulg.com\/kooliteater2019\">Kooliteatrite riigifestival, Paide 2019<\/a><\/p>\n","protected":false},"excerpt":{"rendered":"<p>&nbsp; Kui on soov m\u00f5nda konkreetset fotot saada suureformaadilisena (k\u00f5rge resolutsiooniga), v\u00f5tke minuga \u00fchendust. Galeriides suuremale fotole kl\u00f5psates avaneb veel suurem pilt, mida saab endale arvutisse salvestada. Kooliteatrite riigifestival, Tallinn 2012 Kooliteatrite riigifestival, Viimsi 2014 Kooliteatrite kirjanduslik teatrieksperiment, Muuga 2015 Rahvusvaheline harrastusteatrite festival BALTIRAMP, Kuressaare 2015 Harrastusteatrite riigifestival, Paide 2016 Harjumaa kooliteatrite festival, Viimsi 2017 &hellip;<\/p>\n","protected":false},"author":1,"featured_media":0,"parent":0,"menu_order":0,"comment_status":"closed","ping_status":"closed","template":"","meta":{"footnotes":""},"_links":{"self":[{"href":"https:\/\/www.fotosulg.com\/index.php?rest_route=\/wp\/v2\/pages\/681"}],"collection":[{"href":"https:\/\/www.fotosulg.com\/index.php?rest_route=\/wp\/v2\/pages"}],"about":[{"href":"https:\/\/www.fotosulg.com\/index.php?rest_route=\/wp\/v2\/types\/page"}],"author":[{"embeddable":true,"href":"https:\/\/www.fotosulg.com\/index.php?rest_route=\/wp\/v2\/users\/1"}],"replies":[{"embeddable":true,"href":"https:\/\/www.fotosulg.com\/index.php?rest_route=%2Fwp%2Fv2%2Fcomments&post=681"}],"version-history":[{"count":25,"href":"https:\/\/www.fotosulg.com\/index.php?rest_route=\/wp\/v2\/pages\/681\/revisions"}],"predecessor-version":[{"id":1052,"href":"https:\/\/www.fotosulg.com\/index.php?rest_route=\/wp\/v2\/pages\/681\/revisions\/1052"}],"wp:attachment":[{"href":"https:\/\/www.fotosulg.com\/index.php?rest_route=%2Fwp%2Fv2%2Fmedia&parent=681"}],"curies":[{"name":"wp","href":"https:\/\/api.w.org\/{rel}","templated":true}]}}